{"id":102,"date":"2023-05-18T19:16:04","date_gmt":"2023-05-18T17:16:04","guid":{"rendered":"https:\/\/venture-mechanics.de\/?page_id=102"},"modified":"2023-05-21T22:30:17","modified_gmt":"2023-05-21T20:30:17","slug":"startseite","status":"publish","type":"page","link":"https:\/\/venture-mechanics.de\/","title":{"rendered":""},"content":{"rendered":"\n<p class=\"has-text-align-center\"><strong>Wir sind die professionelle Unterst\u00fctzung f\u00fcr Ihre eigenen Investitionen in die Asset-Klasse &#8222;Venture Capital&#8220;<\/strong><\/p>\n\n\n\n<hr class=\"wp-block-separator has-css-opacity\"\/>\n\n\n\n<p class=\"has-text-align-center\"><strong>Unsere Leistung<\/strong><\/p>\n\n\n\n<ul>\n<li><strong>Unterst\u00fctzung in allen Angelegenheiten von Startup-Investments<\/strong><\/li>\n\n\n\n<li><strong>Auf Investorenseite, selektiv auch auf Start-up-Seite<\/strong><\/li>\n\n\n\n<li>\u00dcbliche Prozessschritte hierbei beinhalten:<ul><li>Aufstellung von Markt- und Technologiesuchfelder f\u00fcr Investments<\/li><li>Scouting nach potentiellen Targets<\/li><li>F\u00fchren von zielgerichteten Vorgespr\u00e4chen<\/li><li>Vorstrukturierung von Deals und Verhandlung von geeigneten Term Sheets<\/li><li>Durchf\u00fchrung von (Red-Flag) Due Diligence-Prozessen<\/li><li>Verhandlung von Finanzierungsvertr\u00e4gen<\/li><li>Erstellung umfassender Bewertungsmodelle und CapTables f\u00fcr Transaktionen<\/li><li>Erstellung von integrierten Financial Models f\u00fcr Start-ups<\/li><\/ul>\n<ul>\n<li>Begleitung des Beurkundungsprozesses<\/li>\n\n\n\n<li>Tracking der Post-Signing-Action Items<\/li>\n\n\n\n<li>Begleitung der Beteiligungen in Form von Board- oder Gesellschafterversammlungen<\/li>\n\n\n\n<li>Unterst\u00fctzung von Folgefinanzierungsrunden und -gespr\u00e4chen<\/li>\n\n\n\n<li>Einleitung von Exitvorbeitungen und -umsetzung<\/li>\n\n\n\n<li>Verschiedene Angelegenheiten des Fondsmanagements<\/li>\n<\/ul>\n<\/li>\n\n\n\n<li>Wir sind <strong>keine allgemeine Unternehmensberatung<\/strong> zur Beratung von Startups, insbesondere nicht f\u00fcr F\u00e4lle in denen ein Start-up ein Interims-Management sucht oder eine Restrukturierung durchlaufen muss. Dazu fehlen uns die Kapazit\u00e4ten.<\/li>\n\n\n\n<li>Wir ersetzen<strong> keine Legal-Advisory<\/strong> oder steuerrechtliche Beratung und nehmen dies auch nicht vor, sehen unser Angebot eher als vollumf\u00e4ngliche Beratung im Zusammenhang mit Investments in Startups, bringen aber nat\u00fcrlich \u00fcbliches Legal-Know-How mit, sodass eine solche weiterf\u00fchrende Beratung zielgerichteter angegangen werden kann.<\/li>\n<\/ul>\n\n\n\n<hr class=\"wp-block-separator has-css-opacity\"\/>\n\n\n\n<p class=\"has-text-align-center\"><strong>Wir &amp; unsere Erfahrung<\/strong><\/p>\n\n\n\n<p>Wir, das ist Alexander Schmidt, sowie zwei langj\u00e4hrige Branchenkollegen aus dem Business Development und Gesellschaftsrecht, mit denen ich in verschiedenen Rollen zusammengearbeitet habe oder stetig und nach Bedarf zusammenarbeite. <\/p>\n\n\n\n<p>Mein Lebenslauf k\u00f6nnen Sie <a href=\"https:\/\/www.linkedin.com\/in\/schmidt-alex\/\">grunds\u00e4tzlich LinkedIn entnehmen.<\/a> Die Kontaktdaten meiner Kollegen erhalten Sie auf Anfrage.<\/p>\n\n\n\n<p>Wir alle haben gemeinsam, dass wir Expertise durch die langj\u00e4hrige Begleitung und Entwicklung von Start-ups und Business-Development-Projekten mitbringen:<\/p>\n\n\n\n<ul>\n<li>Begleitung von hunderten Startups in verschiedenen Branchen und Phasen der Unternehmensentwicklung, von Gr\u00fcndung bis Exit oder auch Abwicklung.<\/li>\n\n\n\n<li>\u00dcbernahme von Lead-Investoren oder auch Co-Lead\/Co-Investoren Rollen<\/li>\n\n\n\n<li>Zusammenarbeit mit einer Vielzahl an bekannten Investoren im Markt<\/li>\n\n\n\n<li>Kenntnis und Nutzung markt\u00fcblicher Standards bei Vertr\u00e4gen, Bewertungen und Vorgehensweisen<\/li>\n\n\n\n<li>Background bei Financial (institutionellen) Investoren, Corporate Finance, Corporate-VCs, eigenen Start-ups und Kanzleien f\u00fcr Gesellschaftsrecht<\/li>\n\n\n\n<li>In der Vergangenheit Wahrnehmung von verschiedensten Board oder Gesellschaftermandaten<\/li>\n<\/ul>\n\n\n\n<p>Wir als Team sind motiviert den Bereich Startup-Financing weiter voranzubringen und werden aufgrund unserer Vergangenheit \u00f6fter nach Expertise gefragt und um Unterst\u00fctzung gebeten, sodass wir dies hierr\u00fcber gerne im Rahmen unserer freiberuflichen T\u00e4tigkeit anbieten m\u00f6chten. Da wir alle hauptberuflich schon am Markt aktiv sind, legen wir Ihnen etwaige Interessenskonflikte von Beginn an offen.<\/p>\n\n\n\n<hr class=\"wp-block-separator has-alpha-channel-opacity\"\/>\n\n\n\n<p class=\"has-text-align-center\"><strong>Der typische Customer<\/strong><\/p>\n\n\n\n<p>Wir zielen auf Klienten, welche eigene Erfahrungen in der Asset-Klasse &#8222;Venture Capital&#8220; sammeln und investieren m\u00f6chten, jedoch keine Expertise dar\u00fcber im eigenen Family Office besitzen und daher gerne auf Experten aus der Branche zur\u00fcckgreifen wollen. Der Kunde ist bei uns gerne auch selbst &#8222;Face to the Deal&#8220;. Der Grad der Eigenst\u00e4ndigkeit bzw. Grad an Unterst\u00fctzung wird dabei stets kundenindividuell ausgestaltet.<\/p>\n\n\n\n<hr class=\"wp-block-separator has-alpha-channel-opacity\"\/>\n\n\n\n<p class=\"has-text-align-center\"><strong>Verg\u00fctung<\/strong><\/p>\n\n\n\n<p>Unsere Leistung werden in Absprache mit dem Kunden \u00fcber individuelle Verg\u00fctungmodelle erbracht (i.d.R. zeitabh\u00e4ngiges oder erfolgsabh\u00e4ngiges Honorarmodell), die auch \u00fcber eine Teilhabe im Innenverh\u00e4ltnis am Investment-Vehikel stattfinden kann (vgl. Carried-Interest-Modelle).<\/p>\n\n\n\n<hr class=\"wp-block-separator has-css-opacity\"\/>\n\n\n\n<p class=\"has-text-align-center\"><strong>Die Asset-Klasse &#8222;Startup-Investments&#8220;<\/strong><\/p>\n\n\n\n<p>Investitionen in Technologieunternehmen versprechen im langj\u00e4hrigen Mittel hohe erwartbare Renditen. Bei einem Blick in die Vergangenheit lieferten gr\u00f6\u00dfere gelistete Technologieunternehmen beispielsweise abgebildet \u00fcber den Technologieindex NASDAQ 100 bei einem langfristigen<a href=\"https:\/\/www.boerse.de\/renditedreieck\/Nasdaq-100\/US6311011026\"> Investment &gt;5 Jahre fast ausschlie\u00dflich zweistellige Renditen<\/a>. <\/p>\n\n\n\n<p>Bei einem Investitionen in <strong>noch wachstumsst\u00e4rkere fr\u00fchphasen Technologie-unternehmen<\/strong> (\u00fcblicherweise Startups genannt) variiert die Rendite abh\u00e4ngig vom Investitionszeitpunkt zwar deutlich st\u00e4rker, konnte in der Vergangenheit jedoch auch <strong>deutlich h\u00f6here Renditen<\/strong> im Vergleich zu g\u00e4ngigen Indices wie den NASDAQ liefern.<a href=\"https:\/\/www.cambridgeassociates.com\/wp-content\/uploads\/2023\/01\/WEB-2022-Q3-USVC-Benchmark-Book.pdf\"> Ein Vergleich des rennomierten Beratungshauses Cambridge Associates ergibt <\/a>f\u00fcr den US-Venture Capital Markt eine deutliche Outperformance von bis zu 26% p.a.; Der europ\u00e4ische Markt ist zwar noch nicht so entwickelt, holt jedoch stark auf sodass auch hier \u00e4hnliche Renditen f\u00fcr die Zukunft zu erwarten sind. Ein Investment in Start-ups und fr\u00fchphasige Unternehmen kann demnach sehr rentabel sein!<\/p>\n\n\n\n<hr class=\"wp-block-separator has-css-opacity\"\/>\n\n\n\n<p class=\"has-text-align-center\"><strong> Unsere \u00dcberzeugung <\/strong><\/p>\n\n\n\n<p>Wir publizieren hier absichtlich keine verkaufsf\u00f6rdernde Fachbeitr\u00e4ge, da solche Texte heutzutage problemlos von AI verfasst werden k\u00f6nnen und es ausreichend Content \u00fcber Google gibt.<\/p>\n\n\n\n<p>Wir verstehen uns als praxiserfahrene Fachexperten, die sich mit dem Thema Venture Investing langj\u00e4hrig und tagt\u00e4glich auseinandersetzen und f\u00fcr Sie diese Expertise mitbringen.<\/p>\n\n\n\n<hr class=\"wp-block-separator has-css-opacity\"\/>\n\n\n\n<p class=\"has-text-align-center\"><strong>Kontaktaufnahme<\/strong><\/p>\n\n\n\n<p>Sie haben grunds\u00e4tzlich Interesse mit uns zusammenzuarbeiten? Dann lassen Sie uns sprechen, ob es einen Fit gibt. Hinterlassen Sie gerne eine Telefonnummer oder andere Infos, wor\u00fcber wir Sie kontaktieren d\u00fcrfen. Alternativ k\u00f6nnen wir auch \u00fcber LinkedIn in Kontakt treten.<\/p>\n\n\n<noscript class=\"ninja-forms-noscript-message\">\n\tHinweis: F\u00fcr diesen Inhalt ist JavaScript erforderlich.<\/noscript>\n<div id=\"nf-form-2-cont\" class=\"nf-form-cont\" aria-live=\"polite\" aria-labelledby=\"nf-form-title-2\" aria-describedby=\"nf-form-errors-2\" role=\"form\">\n\n    <div class=\"nf-loading-spinner\"><\/div>\n\n<\/div>\n        <!-- That data is being printed as a workaround to page builders reordering the order of the scripts loaded-->\n        <script>var formDisplay=1;var nfForms=nfForms||[];var form=[];form.id='2';form.settings={\"objectType\":\"Form Setting\",\"editActive\":true,\"title\":\"Contact Me - Kopieren\",\"created_at\":\"2023-05-21 21:52:41\",\"default_label_pos\":\"above\",\"show_title\":0,\"clear_complete\":\"1\",\"hide_complete\":\"1\",\"logged_in\":\"\",\"key\":\"\",\"conditions\":[],\"wrapper_class\":\"\",\"element_class\":\"\",\"add_submit\":\"1\",\"not_logged_in_msg\":\"\",\"sub_limit_number\":\"\",\"sub_limit_msg\":\"\",\"calculations\":[],\"formContentData\":[\"name\",\"email\",\"phone_1684697980149\",\"nachricht_1684698157477\",\"ich_habe_die_datenschutzerklaerung_gelesen_und_willige_ein_dass_meine_daten_fuer_die_beantwortung_meiner_anfrage_vom_betreiber_verarbeitet_werden_1684698096854\",\"anfrage_abschicken_1684698147751\"],\"form_title_heading_level\":\"3\",\"currency\":\"\",\"unique_field_error\":\"Ein Formular mit diesem Wert wurde bereits eingereicht.\",\"container_styles_background-color\":\"\",\"container_styles_border\":\"\",\"container_styles_border-style\":\"\",\"container_styles_border-color\":\"\",\"container_styles_color\":\"\",\"container_styles_height\":\"\",\"container_styles_width\":\"\",\"container_styles_font-size\":\"\",\"container_styles_margin\":\"\",\"container_styles_padding\":\"\",\"container_styles_display\":\"\",\"container_styles_float\":\"\",\"container_styles_show_advanced_css\":\"0\",\"container_styles_advanced\":\"\",\"title_styles_background-color\":\"\",\"title_styles_border\":\"\",\"title_styles_border-style\":\"\",\"title_styles_border-color\":\"\",\"title_styles_color\":\"\",\"title_styles_height\":\"\",\"title_styles_width\":\"\",\"title_styles_font-size\":\"\",\"title_styles_margin\":\"\",\"title_styles_padding\":\"\",\"title_styles_display\":\"\",\"title_styles_float\":\"\",\"title_styles_show_advanced_css\":\"0\",\"title_styles_advanced\":\"\",\"row_styles_background-color\":\"\",\"row_styles_border\":\"\",\"row_styles_border-style\":\"\",\"row_styles_border-color\":\"\",\"row_styles_color\":\"\",\"row_styles_height\":\"\",\"row_styles_width\":\"\",\"row_styles_font-size\":\"\",\"row_styles_margin\":\"\",\"row_styles_padding\":\"\",\"row_styles_display\":\"\",\"row_styles_show_advanced_css\":\"0\",\"row_styles_advanced\":\"\",\"row-odd_styles_background-color\":\"\",\"row-odd_styles_border\":\"\",\"row-odd_styles_border-style\":\"\",\"row-odd_styles_border-color\":\"\",\"row-odd_styles_color\":\"\",\"row-odd_styles_height\":\"\",\"row-odd_styles_width\":\"\",\"row-odd_styles_font-size\":\"\",\"row-odd_styles_margin\":\"\",\"row-odd_styles_padding\":\"\",\"row-odd_styles_display\":\"\",\"row-odd_styles_show_advanced_css\":\"0\",\"row-odd_styles_advanced\":\"\",\"success-msg_styles_background-color\":\"\",\"success-msg_styles_border\":\"\",\"success-msg_styles_border-style\":\"\",\"success-msg_styles_border-color\":\"\",\"success-msg_styles_color\":\"\",\"success-msg_styles_height\":\"\",\"success-msg_styles_width\":\"\",\"success-msg_styles_font-size\":\"\",\"success-msg_styles_margin\":\"\",\"success-msg_styles_padding\":\"\",\"success-msg_styles_display\":\"\",\"success-msg_styles_show_advanced_css\":\"0\",\"success-msg_styles_advanced\":\"\",\"error_msg_styles_background-color\":\"\",\"error_msg_styles_border\":\"\",\"error_msg_styles_border-style\":\"\",\"error_msg_styles_border-color\":\"\",\"error_msg_styles_color\":\"\",\"error_msg_styles_height\":\"\",\"error_msg_styles_width\":\"\",\"error_msg_styles_font-size\":\"\",\"error_msg_styles_margin\":\"\",\"error_msg_styles_padding\":\"\",\"error_msg_styles_display\":\"\",\"error_msg_styles_show_advanced_css\":\"0\",\"error_msg_styles_advanced\":\"\",\"allow_public_link\":0,\"embed_form\":\"\",\"changeEmailErrorMsg\":\"Bitte gib eine g\\u00fcltige E-Mail-Adresse ein.\",\"changeDateErrorMsg\":\"Bitte gib ein g\\u00fcltiges Datum ein!\",\"confirmFieldErrorMsg\":\"Diese Felder m\\u00fcssen \\u00fcbereinstimmen!\",\"fieldNumberNumMinError\":\"Die eingegebene Zahl ist zu klein.\",\"fieldNumberNumMaxError\":\"Die eingegebene Zahl ist zu gross.\",\"fieldNumberIncrementBy\":\"Bitte erh\\u00f6hen in Schritten von\",\"formErrorsCorrectErrors\":\"Bitte korrigiere die Fehler, bevor du das Formular sendest.\",\"validateRequiredField\":\"Dies ist ein Pflichtfeld.\",\"honeypotHoneypotError\":\"Honeypot-Fehler\",\"fieldsMarkedRequired\":\"Felder mit einem <span class=\\\"ninja-forms-req-symbol\\\">*<\\\/span> sind Pflichtfelder\",\"drawerDisabled\":false,\"ninjaForms\":\"Ninja Forms\",\"fieldTextareaRTEInsertLink\":\"Link einf\\u00fcgen\",\"fieldTextareaRTEInsertMedia\":\"Medien einf\\u00fcgen\",\"fieldTextareaRTESelectAFile\":\"Eine Datei ausw\\u00e4hlen\",\"formHoneypot\":\"Falls du ein Mensch bist und dieses Feld siehst, dann lasse es bitte leer.\",\"fileUploadOldCodeFileUploadInProgress\":\"Datei-Upload l\\u00e4uft.\",\"fileUploadOldCodeFileUpload\":\"DATEI-UPLOAD\",\"currencySymbol\":false,\"thousands_sep\":\".\",\"decimal_point\":\",\",\"siteLocale\":\"de_DE\",\"dateFormat\":\"m\\\/d\\\/Y\",\"startOfWeek\":\"1\",\"of\":\"von\",\"previousMonth\":\"Vorheriger Monat\",\"nextMonth\":\"N\\u00e4chster Monat\",\"months\":[\"Januar\",\"Februar\",\"M\\u00e4rz\",\"April\",\"Mai\",\"Juni\",\"Juli\",\"August\",\"September\",\"Oktober\",\"November\",\"Dezember\"],\"monthsShort\":[\"Jan\",\"Feb\",\"Mrz\",\"Apr\",\"Mai\",\"Jun\",\"Jul\",\"Aug\",\"Sep\",\"Okt\",\"Nov\",\"Dez\"],\"weekdays\":[\"Sonntag\",\"Montag\",\"Dienstag\",\"Mittwoch\",\"Donnerstag\",\"Freitag\",\"Samstag\"],\"weekdaysShort\":[\"So\",\"Mo\",\"Die\",\"Mi\",\"Do\",\"Fr\",\"Sa\"],\"weekdaysMin\":[\"So\",\"Mo\",\"Di\",\"Mi\",\"Do\",\"Fr\",\"Sa\"],\"recaptchaConsentMissing\":\"reCaptcha validation couldn&#039;t load.\",\"recaptchaMissingCookie\":\"reCaptcha v3 validation couldn&#039;t load the cookie needed to submit the form.\",\"recaptchaConsentEvent\":\"Accept reCaptcha cookies before sending the form.\",\"currency_symbol\":\"\",\"beforeForm\":\"\",\"beforeFields\":\"\",\"afterFields\":\"\",\"afterForm\":\"\"};form.fields=[{\"objectType\":\"Field\",\"objectDomain\":\"fields\",\"editActive\":false,\"order\":1,\"idAttribute\":\"id\",\"label_pos\":\"above\",\"required\":0,\"placeholder\":\"\",\"default\":\"\",\"wrapper_class\":\"\",\"element_class\":\"\",\"container_class\":\"\",\"input_limit\":\"\",\"input_limit_type\":\"characters\",\"input_limit_msg\":\"Character(s) left\",\"manual_key\":\"\",\"disable_input\":\"\",\"admin_label\":\"\",\"help_text\":\"\",\"desc_text\":\"\",\"disable_browser_autocomplete\":\"\",\"mask\":\"\",\"custom_mask\":\"\",\"wrap_styles_background-color\":\"\",\"wrap_styles_border\":\"\",\"wrap_styles_border-style\":\"\",\"wrap_styles_border-color\":\"\",\"wrap_styles_color\":\"\",\"wrap_styles_height\":\"\",\"wrap_styles_width\":\"\",\"wrap_styles_font-size\":\"\",\"wrap_styles_margin\":\"\",\"wrap_styles_padding\":\"\",\"wrap_styles_display\":\"\",\"wrap_styles_float\":\"\",\"wrap_styles_show_advanced_css\":0,\"wrap_styles_advanced\":\"\",\"label_styles_background-color\":\"\",\"label_styles_border\":\"\",\"label_styles_border-style\":\"\",\"label_styles_border-color\":\"\",\"label_styles_color\":\"\",\"label_styles_height\":\"\",\"label_styles_width\":\"\",\"label_styles_font-size\":\"\",\"label_styles_margin\":\"\",\"label_styles_padding\":\"\",\"label_styles_display\":\"\",\"label_styles_float\":\"\",\"label_styles_show_advanced_css\":0,\"label_styles_advanced\":\"\",\"element_styles_background-color\":\"\",\"element_styles_border\":\"\",\"element_styles_border-style\":\"\",\"element_styles_border-color\":\"\",\"element_styles_color\":\"\",\"element_styles_height\":\"\",\"element_styles_width\":\"\",\"element_styles_font-size\":\"\",\"element_styles_margin\":\"\",\"element_styles_padding\":\"\",\"element_styles_display\":\"\",\"element_styles_float\":\"\",\"element_styles_show_advanced_css\":0,\"element_styles_advanced\":\"\",\"cellcid\":\"c3277\",\"field_label\":\"Name\",\"field_key\":\"name\",\"label\":\"Name\",\"key\":\"name\",\"type\":\"textbox\",\"created_at\":\"2023-05-21 21:38:30\",\"custom_name_attribute\":\"\",\"personally_identifiable\":\"\",\"value\":\"\",\"drawerDisabled\":\"\",\"id\":7,\"beforeField\":\"\",\"afterField\":\"\",\"parentType\":\"textbox\",\"element_templates\":[\"textbox\",\"input\"],\"old_classname\":\"\",\"wrap_template\":\"wrap\"},{\"objectType\":\"Field\",\"objectDomain\":\"fields\",\"editActive\":false,\"order\":2,\"idAttribute\":\"id\",\"label_pos\":\"above\",\"required\":0,\"placeholder\":\"\",\"default\":\"\",\"wrapper_class\":\"\",\"element_class\":\"\",\"container_class\":\"\",\"admin_label\":\"\",\"help_text\":\"\",\"desc_text\":\"\",\"wrap_styles_background-color\":\"\",\"wrap_styles_border\":\"\",\"wrap_styles_border-style\":\"\",\"wrap_styles_border-color\":\"\",\"wrap_styles_color\":\"\",\"wrap_styles_height\":\"\",\"wrap_styles_width\":\"\",\"wrap_styles_font-size\":\"\",\"wrap_styles_margin\":\"\",\"wrap_styles_padding\":\"\",\"wrap_styles_display\":\"\",\"wrap_styles_float\":\"\",\"wrap_styles_show_advanced_css\":0,\"wrap_styles_advanced\":\"\",\"label_styles_background-color\":\"\",\"label_styles_border\":\"\",\"label_styles_border-style\":\"\",\"label_styles_border-color\":\"\",\"label_styles_color\":\"\",\"label_styles_height\":\"\",\"label_styles_width\":\"\",\"label_styles_font-size\":\"\",\"label_styles_margin\":\"\",\"label_styles_padding\":\"\",\"label_styles_display\":\"\",\"label_styles_float\":\"\",\"label_styles_show_advanced_css\":0,\"label_styles_advanced\":\"\",\"element_styles_background-color\":\"\",\"element_styles_border\":\"\",\"element_styles_border-style\":\"\",\"element_styles_border-color\":\"\",\"element_styles_color\":\"\",\"element_styles_height\":\"\",\"element_styles_width\":\"\",\"element_styles_font-size\":\"\",\"element_styles_margin\":\"\",\"element_styles_padding\":\"\",\"element_styles_display\":\"\",\"element_styles_float\":\"\",\"element_styles_show_advanced_css\":0,\"element_styles_advanced\":\"\",\"cellcid\":\"c3281\",\"field_label\":\"Email\",\"field_key\":\"email\",\"label\":\"Email\",\"key\":\"email\",\"type\":\"email\",\"created_at\":\"2023-05-21 21:38:30\",\"custom_name_attribute\":\"email\",\"personally_identifiable\":1,\"value\":\"\",\"id\":8,\"beforeField\":\"\",\"afterField\":\"\",\"parentType\":\"email\",\"element_templates\":[\"email\",\"input\"],\"old_classname\":\"\",\"wrap_template\":\"wrap\"},{\"objectType\":\"Field\",\"objectDomain\":\"fields\",\"editActive\":false,\"order\":3,\"idAttribute\":\"id\",\"label\":\"\\ufeffTelefon\",\"type\":\"phone\",\"key\":\"phone_1684697980149\",\"label_pos\":\"above\",\"required\":\"\",\"default\":\"\",\"placeholder\":\"\",\"container_class\":\"\",\"element_class\":\"\",\"input_limit\":\"\",\"input_limit_type\":\"characters\",\"input_limit_msg\":\"verbleibende(s) Zeichen\",\"manual_key\":\"\",\"admin_label\":\"\",\"help_text\":\"\",\"mask\":\"\",\"custom_mask\":\"\",\"custom_name_attribute\":\"phone\",\"personally_identifiable\":1,\"value\":\"\",\"field_label\":\"\\ufeffTelefon\",\"field_key\":\"phone_1684697980149\",\"id\":11,\"beforeField\":\"\",\"afterField\":\"\",\"parentType\":\"textbox\",\"element_templates\":[\"tel\",\"textbox\",\"input\"],\"old_classname\":\"\",\"wrap_template\":\"wrap\"},{\"objectType\":\"Field\",\"objectDomain\":\"fields\",\"editActive\":false,\"order\":4,\"idAttribute\":\"id\",\"label_pos\":\"above\",\"required\":0,\"placeholder\":\"\",\"default\":\"\",\"wrapper_class\":\"\",\"element_class\":\"\",\"container_class\":\"\",\"input_limit\":\"\",\"input_limit_type\":\"characters\",\"input_limit_msg\":\"Character(s) left\",\"manual_key\":\"\",\"disable_input\":\"\",\"admin_label\":\"\",\"help_text\":\"\",\"desc_text\":\"\",\"disable_browser_autocomplete\":\"\",\"textarea_rte\":\"\",\"disable_rte_mobile\":\"\",\"textarea_media\":\"\",\"wrap_styles_background-color\":\"\",\"wrap_styles_border\":\"\",\"wrap_styles_border-style\":\"\",\"wrap_styles_border-color\":\"\",\"wrap_styles_color\":\"\",\"wrap_styles_height\":\"\",\"wrap_styles_width\":\"\",\"wrap_styles_font-size\":\"\",\"wrap_styles_margin\":\"\",\"wrap_styles_padding\":\"\",\"wrap_styles_display\":\"\",\"wrap_styles_float\":\"\",\"wrap_styles_show_advanced_css\":0,\"wrap_styles_advanced\":\"\",\"label_styles_background-color\":\"\",\"label_styles_border\":\"\",\"label_styles_border-style\":\"\",\"label_styles_border-color\":\"\",\"label_styles_color\":\"\",\"label_styles_height\":\"\",\"label_styles_width\":\"\",\"label_styles_font-size\":\"\",\"label_styles_margin\":\"\",\"label_styles_padding\":\"\",\"label_styles_display\":\"\",\"label_styles_float\":\"\",\"label_styles_show_advanced_css\":0,\"label_styles_advanced\":\"\",\"element_styles_background-color\":\"\",\"element_styles_border\":\"\",\"element_styles_border-style\":\"\",\"element_styles_border-color\":\"\",\"element_styles_color\":\"\",\"element_styles_height\":\"\",\"element_styles_width\":\"\",\"element_styles_font-size\":\"\",\"element_styles_margin\":\"\",\"element_styles_padding\":\"\",\"element_styles_display\":\"\",\"element_styles_float\":\"\",\"element_styles_show_advanced_css\":0,\"element_styles_advanced\":\"\",\"cellcid\":\"c3284\",\"field_label\":\"Nachricht\",\"field_key\":\"nachricht_1684698157477\",\"label\":\"Nachricht\",\"key\":\"nachricht_1684698157477\",\"type\":\"textarea\",\"created_at\":\"2023-05-21 21:38:30\",\"value\":\"\",\"drawerDisabled\":\"\",\"id\":9,\"beforeField\":\"\",\"afterField\":\"\",\"parentType\":\"textarea\",\"element_templates\":[\"textarea\",\"input\"],\"old_classname\":\"\",\"wrap_template\":\"wrap\"},{\"objectType\":\"Field\",\"objectDomain\":\"fields\",\"editActive\":false,\"order\":5,\"idAttribute\":\"id\",\"label\":\"Ich habe die Datenschutzerkl\\u00e4rung gelesen und willige ein, dass meine Daten f\\u00fcr die Beantwortung meiner Anfrage vom Betreiber verarbeitet werden.\",\"type\":\"checkbox\",\"key\":\"ich_habe_die_datenschutzerklaerung_gelesen_und_willige_ein_dass_meine_daten_fuer_die_beantwortung_meiner_anfrage_vom_betreiber_verarbeitet_werden_1684698096854\",\"label_pos\":\"right\",\"required\":1,\"container_class\":\"\",\"element_class\":\"\",\"manual_key\":\"\",\"admin_label\":\"\",\"help_text\":\"\",\"default_value\":\"unchecked\",\"checked_value\":\"Ausgew\\u00e4hlt\",\"unchecked_value\":\"Nicht ausgew\\u00e4hlt\",\"checked_calc_value\":\"\",\"unchecked_calc_value\":\"\",\"drawerDisabled\":\"\",\"field_label\":\"Ich habe die Datenschutzerkl\\u00e4rung gelesen und willige ein, dass meine Daten f\\u00fcr die Beantwortung meiner Anfrage vom Betreiber verarbeitet werden.\",\"field_key\":\"ich_habe_die_datenschutzerklaerung_gelesen_und_willige_ein_dass_meine_daten_fuer_die_beantwortung_meiner_anfrage_vom_betreiber_verarbeitet_werden_1684698096854\",\"id\":12,\"beforeField\":\"\",\"afterField\":\"\",\"value\":\"\",\"parentType\":\"checkbox\",\"element_templates\":[\"checkbox\",\"input\"],\"old_classname\":\"\",\"wrap_template\":\"wrap\"},{\"objectType\":\"Field\",\"objectDomain\":\"fields\",\"editActive\":false,\"order\":7,\"idAttribute\":\"id\",\"processing_label\":\"Processing\",\"container_class\":\"\",\"element_class\":\"\",\"wrap_styles_background-color\":\"\",\"wrap_styles_border\":\"\",\"wrap_styles_border-style\":\"\",\"wrap_styles_border-color\":\"\",\"wrap_styles_color\":\"\",\"wrap_styles_height\":\"\",\"wrap_styles_width\":\"\",\"wrap_styles_font-size\":\"\",\"wrap_styles_margin\":\"\",\"wrap_styles_padding\":\"\",\"wrap_styles_display\":\"\",\"wrap_styles_float\":\"\",\"wrap_styles_show_advanced_css\":0,\"wrap_styles_advanced\":\"\",\"label_styles_background-color\":\"\",\"label_styles_border\":\"\",\"label_styles_border-style\":\"\",\"label_styles_border-color\":\"\",\"label_styles_color\":\"\",\"label_styles_height\":\"\",\"label_styles_width\":\"\",\"label_styles_font-size\":\"\",\"label_styles_margin\":\"\",\"label_styles_padding\":\"\",\"label_styles_display\":\"\",\"label_styles_float\":\"\",\"label_styles_show_advanced_css\":0,\"label_styles_advanced\":\"\",\"element_styles_background-color\":\"\",\"element_styles_border\":\"\",\"element_styles_border-style\":\"\",\"element_styles_border-color\":\"\",\"element_styles_color\":\"\",\"element_styles_height\":\"\",\"element_styles_width\":\"\",\"element_styles_font-size\":\"\",\"element_styles_margin\":\"\",\"element_styles_padding\":\"\",\"element_styles_display\":\"\",\"element_styles_float\":\"\",\"element_styles_show_advanced_css\":0,\"element_styles_advanced\":\"\",\"submit_element_hover_styles_background-color\":\"\",\"submit_element_hover_styles_border\":\"\",\"submit_element_hover_styles_border-style\":\"\",\"submit_element_hover_styles_border-color\":\"\",\"submit_element_hover_styles_color\":\"\",\"submit_element_hover_styles_height\":\"\",\"submit_element_hover_styles_width\":\"\",\"submit_element_hover_styles_font-size\":\"\",\"submit_element_hover_styles_margin\":\"\",\"submit_element_hover_styles_padding\":\"\",\"submit_element_hover_styles_display\":\"\",\"submit_element_hover_styles_float\":\"\",\"submit_element_hover_styles_show_advanced_css\":0,\"submit_element_hover_styles_advanced\":\"\",\"cellcid\":\"c3287\",\"field_label\":\"Anfrage abschicken\",\"field_key\":\"anfrage_abschicken_1684698147751\",\"label\":\"Anfrage abschicken\",\"key\":\"anfrage_abschicken_1684698147751\",\"type\":\"submit\",\"created_at\":\"2023-05-21 21:38:30\",\"drawerDisabled\":\"\",\"id\":10,\"beforeField\":\"\",\"afterField\":\"\",\"value\":\"\",\"label_pos\":\"above\",\"parentType\":\"textbox\",\"element_templates\":[\"submit\",\"button\",\"input\"],\"old_classname\":\"\",\"wrap_template\":\"wrap-no-label\"}];nfForms.push(form);<\/script>\n        ","protected":false},"excerpt":{"rendered":"<p>Wir sind die professionelle Unterst\u00fctzung f\u00fcr Ihre eigenen Investitionen in die Asset-Klasse &#8222;Venture Capital&#8220; Unsere Leistung Wir &amp; unsere Erfahrung Wir, das [&hellip;]<\/p>\n","protected":false},"author":1,"featured_media":0,"parent":0,"menu_order":0,"comment_status":"closed","ping_status":"closed","template":"","meta":[],"_links":{"self":[{"href":"https:\/\/venture-mechanics.de\/index.php?rest_route=\/wp\/v2\/pages\/102"}],"collection":[{"href":"https:\/\/venture-mechanics.de\/index.php?rest_route=\/wp\/v2\/pages"}],"about":[{"href":"https:\/\/venture-mechanics.de\/index.php?rest_route=\/wp\/v2\/types\/page"}],"author":[{"embeddable":true,"href":"https:\/\/venture-mechanics.de\/index.php?rest_route=\/wp\/v2\/users\/1"}],"replies":[{"embeddable":true,"href":"https:\/\/venture-mechanics.de\/index.php?rest_route=%2Fwp%2Fv2%2Fcomments&post=102"}],"version-history":[{"count":25,"href":"https:\/\/venture-mechanics.de\/index.php?rest_route=\/wp\/v2\/pages\/102\/revisions"}],"predecessor-version":[{"id":148,"href":"https:\/\/venture-mechanics.de\/index.php?rest_route=\/wp\/v2\/pages\/102\/revisions\/148"}],"wp:attachment":[{"href":"https:\/\/venture-mechanics.de\/index.php?rest_route=%2Fwp%2Fv2%2Fmedia&parent=102"}],"curies":[{"name":"wp","href":"https:\/\/api.w.org\/{rel}","templated":true}]}}